{"id":225,"date":"2015-04-13T20:59:22","date_gmt":"2015-04-13T19:59:22","guid":{"rendered":"http:\/\/www.femmegym.nl\/?page_id=225"},"modified":"2020-07-05T21:41:40","modified_gmt":"2020-07-05T20:41:40","slug":"evenementen","status":"publish","type":"page","link":"https:\/\/www.femmegym.nl\/en\/evenementen\/","title":{"rendered":"Workshops &amp; events"},"content":{"rendered":"<p>Workshops:<br \/>\nFemmeGym offers workshops, in addition to regular classes, for members and non-members.<\/p>\n<div class=\"qem\"><div class=\"qem-icon\"><div class=\"qem-calendar-small\" style=\"margin:0 7px 8px 0;\"><span class=\"day\" >Fri<br>29<\/span><span class=\"nonday\" ><span class=\"month\">May<\/span><span class=\"year\">2026<\/span><\/span><\/div><\/div><div class=\"qem-small\"><h2 class=\"qem_title\"><a href=\"https:\/\/www.femmegym.nl\/en\/event\/hiphop-step-special-femmegym-west\/\">HipHop Step Special | FemmeGym West |<\/a><\/h2><p class=\"start\" style=\"color: #343838; font-size: 80%; \" >from 19:00 to 20:00<\/p><p class=\"readmore\"><a href=\"https:\/\/www.femmegym.nl\/en\/event\/hiphop-step-special-femmegym-west\/\">Read more<\/a><\/p><div style=\"clear:both\"><\/div><\/div><\/div>\r\n\n<p>Our workshops are also perfect for a hen or stag do, team outing, birthday, or children's party. There is a wide range of workshops to choose from.<\/p>\n<p>Pole dancing: Always wanted to try pole dancing with friends? Then this is your chance! Besides a good warm-up and some stretching exercises, you'll learn various spins and poses on the pole. Eventually, we'll string the moves together to create a fun choreography! The workshop can be booked for 1.5 or 2 hours.<\/p>\n<p>Burlesque: Have you always wanted to learn Lady Marmalade's dance? Then we recommend the burlesque workshop. Think of films like \u2018Moulin Rouge\u2019 and \u2018Burlesque\u2019. Burlesque is all about accepting and accentuating feminine curves. We will teach you different walks, \u2018tease\u2019 movements, and strong, seductive facial expressions. Are you ready to unleash your inner diva? Book this one-and-a-half-hour workshop.<\/p>\n<p>Children's dance: Does your child also love a party and can't stand still when they hear music? Then come and join us for a children's dance workshop. We'll create different dances to the coolest music, which we can show to the parents at the end.<br \/>\nFor the boys cool breakdancing moves and for the girls beautiful graceful<br \/>\nPrincess moves. This fun party can be booked for 1 hour.<\/p>\n<p>Hiphop: Do you also watch So You Think You Can Dance every season? Would you like to learn the moves you see on TV? Then the hiphop workshop might be something for you and your friends. Perform tough yet feminine moves to music by artists including Rihanna. Book this hiphop workshop quickly for 1 or 1.5 hours.<\/p>\n<p>Beyonc\u00e9: Are you also a Beyonc\u00e9 fan? And can't wait for her new album to be released? Then book this Beyonc\u00e9 workout. You'll learn the moves from different video clips. For 1 hour, it's all Beyonc\u00e9, getting inspired by her music and moves. This workshop is an ideal combination of a full cardio workout and learning new sexy moves.<\/p>\n<p>If you have any questions about one of our workshops or have already made up your mind and wish to book a workshop directly, please email us at <a href=\"mailto:info@femmegym.nl\">info@femmegym.nl<br \/>\n<\/a><\/p>","protected":false},"excerpt":{"rendered":"<p>Workshops: FemmeGym biedt naast reguliere lessen, ook workshops aan, voor leden en niet leden. Onze workshops zijn ook perfect voor een vrijgezellenfeest, teamuitje, verjaardag of kinderfeestje. Er is een breed scala aan workshops waar je\u00a0uit kunt kiezen. Paaldans: Altijd al eens willen paaldansen met vriendinnen. Dan is dit je kans! Naast een goede warming up [&hellip;]<\/p>\n","protected":false},"author":1,"featured_media":0,"parent":0,"menu_order":0,"comment_status":"closed","ping_status":"closed","template":"","meta":{"pgc_sgb_lightbox_settings":"","footnotes":""},"class_list":["post-225","page","type-page","status-publish","czr-hentry"],"yoast_head":"<!-- This site is optimized with the Yoast SEO Premium plugin v27.6 (Yoast SEO v27.6) - https:\/\/yoast.com\/product\/yoast-seo-premium-wordpress\/ -->\n<title>Workshops &amp; events - FemmeGym<\/title>\n<meta name=\"robots\" content=\"index, follow, max-snippet:-1, max-image-preview:large, max-video-preview:-1\" \/>\n<link rel=\"canonical\" href=\"https:\/\/www.femmegym.nl\/en\/evenementen\/\" \/>\n<meta property=\"og:locale\" content=\"en_GB\" \/>\n<meta property=\"og:type\" content=\"article\" \/>\n<meta property=\"og:title\" content=\"Workshops &amp; events\" \/>\n<meta property=\"og:description\" content=\"Workshops: FemmeGym biedt naast reguliere lessen, ook workshops aan, voor leden en niet leden. Onze workshops zijn ook perfect voor een vrijgezellenfeest, teamuitje, verjaardag of kinderfeestje. Er is een breed scala aan workshops waar je\u00a0uit kunt kiezen. Paaldans: Altijd al eens willen paaldansen met vriendinnen. Dan is dit je kans! Naast een goede warming up [&hellip;]\" \/>\n<meta property=\"og:url\" content=\"https:\/\/www.femmegym.nl\/en\/evenementen\/\" \/>\n<meta property=\"og:site_name\" content=\"FemmeGym\" \/>\n<meta property=\"article:publisher\" content=\"https:\/\/www.facebook.com\/femmegymamsterdam\" \/>\n<meta property=\"article:modified_time\" content=\"2020-07-05T20:41:40+00:00\" \/>\n<meta name=\"twitter:card\" content=\"summary_large_image\" \/>\n<meta name=\"twitter:label1\" content=\"Estimated reading time\" \/>\n\t<meta name=\"twitter:data1\" content=\"2 minutes\" \/>\n<script type=\"application\/ld+json\" class=\"yoast-schema-graph\">{\"@context\":\"https:\\\/\\\/schema.org\",\"@graph\":[{\"@type\":\"WebPage\",\"@id\":\"https:\\\/\\\/www.femmegym.nl\\\/evenementen\\\/\",\"url\":\"https:\\\/\\\/www.femmegym.nl\\\/evenementen\\\/\",\"name\":\"Workshops & events - FemmeGym\",\"isPartOf\":{\"@id\":\"https:\\\/\\\/www.femmegym.nl\\\/#website\"},\"datePublished\":\"2015-04-13T19:59:22+00:00\",\"dateModified\":\"2020-07-05T20:41:40+00:00\",\"breadcrumb\":{\"@id\":\"https:\\\/\\\/www.femmegym.nl\\\/evenementen\\\/#breadcrumb\"},\"inLanguage\":\"en-GB\",\"potentialAction\":[{\"@type\":\"ReadAction\",\"target\":[\"https:\\\/\\\/www.femmegym.nl\\\/evenementen\\\/\"]}]},{\"@type\":\"BreadcrumbList\",\"@id\":\"https:\\\/\\\/www.femmegym.nl\\\/evenementen\\\/#breadcrumb\",\"itemListElement\":[{\"@type\":\"ListItem\",\"position\":1,\"name\":\"Home\",\"item\":\"https:\\\/\\\/www.femmegym.nl\\\/\"},{\"@type\":\"ListItem\",\"position\":2,\"name\":\"Workshops &#038; events\"}]},{\"@type\":\"WebSite\",\"@id\":\"https:\\\/\\\/www.femmegym.nl\\\/#website\",\"url\":\"https:\\\/\\\/www.femmegym.nl\\\/\",\"name\":\"FemmeGym\",\"description\":\"Every Body has a story, let&#039;s create yours!\",\"publisher\":{\"@id\":\"https:\\\/\\\/www.femmegym.nl\\\/#organization\"},\"potentialAction\":[{\"@type\":\"SearchAction\",\"target\":{\"@type\":\"EntryPoint\",\"urlTemplate\":\"https:\\\/\\\/www.femmegym.nl\\\/?s={search_term_string}\"},\"query-input\":{\"@type\":\"PropertyValueSpecification\",\"valueRequired\":true,\"valueName\":\"search_term_string\"}}],\"inLanguage\":\"en-GB\"},{\"@type\":\"Organization\",\"@id\":\"https:\\\/\\\/www.femmegym.nl\\\/#organization\",\"name\":\"FemmeGym\",\"url\":\"https:\\\/\\\/www.femmegym.nl\\\/\",\"logo\":{\"@type\":\"ImageObject\",\"inLanguage\":\"en-GB\",\"@id\":\"https:\\\/\\\/www.femmegym.nl\\\/#\\\/schema\\\/logo\\\/image\\\/\",\"url\":\"https:\\\/\\\/www.femmegym.nl\\\/wp-content\\\/uploads\\\/2023\\\/03\\\/cropped-FemmeGym-500-x-500-px-1.png\",\"contentUrl\":\"https:\\\/\\\/www.femmegym.nl\\\/wp-content\\\/uploads\\\/2023\\\/03\\\/cropped-FemmeGym-500-x-500-px-1.png\",\"width\":512,\"height\":512,\"caption\":\"FemmeGym\"},\"image\":{\"@id\":\"https:\\\/\\\/www.femmegym.nl\\\/#\\\/schema\\\/logo\\\/image\\\/\"},\"sameAs\":[\"https:\\\/\\\/www.facebook.com\\\/femmegymamsterdam\",\"https:\\\/\\\/www.instagram.com\\\/femmegym_amsterdam\\\/?hl=nl\",\"https:\\\/\\\/www.youtube.com\\\/channel\\\/UCLNc3jUYR29gvKAERFiKAyA\"]}]}<\/script>\n<!-- \/ Yoast SEO Premium plugin. -->","yoast_head_json":{"title":"Workshops & events - FemmeGym","robots":{"index":"index","follow":"follow","max-snippet":"max-snippet:-1","max-image-preview":"max-image-preview:large","max-video-preview":"max-video-preview:-1"},"canonical":"https:\/\/www.femmegym.nl\/en\/evenementen\/","og_locale":"en_GB","og_type":"article","og_title":"Workshops & events","og_description":"Workshops: FemmeGym biedt naast reguliere lessen, ook workshops aan, voor leden en niet leden. Onze workshops zijn ook perfect voor een vrijgezellenfeest, teamuitje, verjaardag of kinderfeestje. Er is een breed scala aan workshops waar je\u00a0uit kunt kiezen. Paaldans: Altijd al eens willen paaldansen met vriendinnen. Dan is dit je kans! Naast een goede warming up [&hellip;]","og_url":"https:\/\/www.femmegym.nl\/en\/evenementen\/","og_site_name":"FemmeGym","article_publisher":"https:\/\/www.facebook.com\/femmegymamsterdam","article_modified_time":"2020-07-05T20:41:40+00:00","twitter_card":"summary_large_image","twitter_misc":{"Estimated reading time":"2 minutes"},"schema":{"@context":"https:\/\/schema.org","@graph":[{"@type":"WebPage","@id":"https:\/\/www.femmegym.nl\/evenementen\/","url":"https:\/\/www.femmegym.nl\/evenementen\/","name":"Workshops & events - FemmeGym","isPartOf":{"@id":"https:\/\/www.femmegym.nl\/#website"},"datePublished":"2015-04-13T19:59:22+00:00","dateModified":"2020-07-05T20:41:40+00:00","breadcrumb":{"@id":"https:\/\/www.femmegym.nl\/evenementen\/#breadcrumb"},"inLanguage":"en-GB","potentialAction":[{"@type":"ReadAction","target":["https:\/\/www.femmegym.nl\/evenementen\/"]}]},{"@type":"BreadcrumbList","@id":"https:\/\/www.femmegym.nl\/evenementen\/#breadcrumb","itemListElement":[{"@type":"ListItem","position":1,"name":"Home","item":"https:\/\/www.femmegym.nl\/"},{"@type":"ListItem","position":2,"name":"Workshops &#038; events"}]},{"@type":"WebSite","@id":"https:\/\/www.femmegym.nl\/#website","url":"https:\/\/www.femmegym.nl\/","name":"FemmeGym","description":"Every Body has a story, let&#039;s create yours!","publisher":{"@id":"https:\/\/www.femmegym.nl\/#organization"},"potentialAction":[{"@type":"SearchAction","target":{"@type":"EntryPoint","urlTemplate":"https:\/\/www.femmegym.nl\/?s={search_term_string}"},"query-input":{"@type":"PropertyValueSpecification","valueRequired":true,"valueName":"search_term_string"}}],"inLanguage":"en-GB"},{"@type":"Organization","@id":"https:\/\/www.femmegym.nl\/#organization","name":"FemmeGym","url":"https:\/\/www.femmegym.nl\/","logo":{"@type":"ImageObject","inLanguage":"en-GB","@id":"https:\/\/www.femmegym.nl\/#\/schema\/logo\/image\/","url":"https:\/\/www.femmegym.nl\/wp-content\/uploads\/2023\/03\/cropped-FemmeGym-500-x-500-px-1.png","contentUrl":"https:\/\/www.femmegym.nl\/wp-content\/uploads\/2023\/03\/cropped-FemmeGym-500-x-500-px-1.png","width":512,"height":512,"caption":"FemmeGym"},"image":{"@id":"https:\/\/www.femmegym.nl\/#\/schema\/logo\/image\/"},"sameAs":["https:\/\/www.facebook.com\/femmegymamsterdam","https:\/\/www.instagram.com\/femmegym_amsterdam\/?hl=nl","https:\/\/www.youtube.com\/channel\/UCLNc3jUYR29gvKAERFiKAyA"]}]}},"_links":{"self":[{"href":"https:\/\/www.femmegym.nl\/en\/wp-json\/wp\/v2\/pages\/225","targetHints":{"allow":["GET"]}}],"collection":[{"href":"https:\/\/www.femmegym.nl\/en\/wp-json\/wp\/v2\/pages"}],"about":[{"href":"https:\/\/www.femmegym.nl\/en\/wp-json\/wp\/v2\/types\/page"}],"author":[{"embeddable":true,"href":"https:\/\/www.femmegym.nl\/en\/wp-json\/wp\/v2\/users\/1"}],"replies":[{"embeddable":true,"href":"https:\/\/www.femmegym.nl\/en\/wp-json\/wp\/v2\/comments?post=225"}],"version-history":[{"count":8,"href":"https:\/\/www.femmegym.nl\/en\/wp-json\/wp\/v2\/pages\/225\/revisions"}],"predecessor-version":[{"id":6881,"href":"https:\/\/www.femmegym.nl\/en\/wp-json\/wp\/v2\/pages\/225\/revisions\/6881"}],"wp:attachment":[{"href":"https:\/\/www.femmegym.nl\/en\/wp-json\/wp\/v2\/media?parent=225"}],"curies":[{"name":"wp","href":"https:\/\/api.w.org\/{rel}","templated":true}]}}